{"id":242,"date":"2018-09-22T11:03:11","date_gmt":"2018-09-22T11:03:11","guid":{"rendered":"http:\/\/deinvocalcoaching.de\/?page_id=242"},"modified":"2021-05-14T12:04:31","modified_gmt":"2021-05-14T12:04:31","slug":"professionelle-studioaufnahmen","status":"publish","type":"page","link":"https:\/\/deinvocalcoaching.de\/?page_id=242","title":{"rendered":"Professionelle Studioaufnahmen"},"content":{"rendered":"\t\t<div data-elementor-type=\"wp-post\" data-elementor-id=\"242\" class=\"elementor elementor-242\">\n\t\t\t\t\t\t<section class=\"elementor-section elementor-top-section elementor-element elementor-element-bbd9ed6 elementor-section-boxed elementor-section-height-default elementor-section-height-default\" data-id=\"bbd9ed6\" data-element_type=\"section\" data-e-type=\"section\">\n\t\t\t\t\t\t<div class=\"elementor-container elementor-column-gap-default\">\n\t\t\t\t\t<div class=\"elementor-column elementor-col-50 elementor-top-column elementor-element elementor-element-4c9e63b\" data-id=\"4c9e63b\" data-element_type=\"column\" data-e-type=\"column\">\n\t\t\t<div class=\"elementor-widget-wrap elementor-element-populated\">\n\t\t\t\t\t\t<div class=\"elementor-element elementor-element-5432f8e elementor-widget elementor-widget-image\" data-id=\"5432f8e\" data-element_type=\"widget\" data-e-type=\"widget\" data-widget_type=\"image.default\">\n\t\t\t\t<div class=\"elementor-widget-container\">\n\t\t\t\t\t\t\t\t\t\t\t\t\t\t\t<img fetchpriority=\"high\" decoding=\"async\" width=\"640\" height=\"480\" src=\"https:\/\/deinvocalcoaching.de\/wp-content\/uploads\/2018\/09\/audio-mixer-console-1315787-640x480.jpg\" class=\"attachment-large size-large wp-image-243\" alt=\"\" srcset=\"https:\/\/deinvocalcoaching.de\/wp-content\/uploads\/2018\/09\/audio-mixer-console-1315787-640x480.jpg 640w, https:\/\/deinvocalcoaching.de\/wp-content\/uploads\/2018\/09\/audio-mixer-console-1315787-640x480-300x225.jpg 300w\" sizes=\"100vw\" \/>\t\t\t\t\t\t\t\t\t\t\t\t\t\t\t<\/div>\n\t\t\t\t<\/div>\n\t\t\t\t\t<\/div>\n\t\t<\/div>\n\t\t\t\t<div class=\"elementor-column elementor-col-50 elementor-top-column elementor-element elementor-element-db79eeb\" data-id=\"db79eeb\" data-element_type=\"column\" data-e-type=\"column\">\n\t\t\t<div class=\"elementor-widget-wrap elementor-element-populated\">\n\t\t\t\t\t\t<div class=\"elementor-element elementor-element-0ecdfc8 elementor-widget elementor-widget-text-editor\" data-id=\"0ecdfc8\" data-element_type=\"widget\" data-e-type=\"widget\" data-widget_type=\"text-editor.default\">\n\t\t\t\t<div class=\"elementor-widget-container\">\n\t\t\t\t\t\t\t\t\t<p>Wenn Du meinen regelm\u00e4\u00dfigen Unterricht besuchst, werden wir von Zeit zu Zeit ins Tonstudio gehen, um St\u00fccke Deiner Wahl aufzunehmen. Besser lassen sich Deine Fortschritte nicht dokumentieren und das Beste: Deine Aufnahmen sind im Preis inbegriffen!<\/p><p>Als ausgebildete Tontechnikerin mit eigenem Studio arbeite ich seit Jahren an verschiedensten Projekten und wei\u00df, worauf es ankommt.<\/p>\t\t\t\t\t\t\t\t<\/div>\n\t\t\t\t<\/div>\n\t\t\t\t\t<\/div>\n\t\t<\/div>\n\t\t\t\t\t<\/div>\n\t\t<\/section>\n\t\t\t\t<section class=\"elementor-section elementor-top-section elementor-element elementor-element-d83ab17 elementor-section-boxed elementor-section-height-default elementor-section-height-default\" data-id=\"d83ab17\" data-element_type=\"section\" data-e-type=\"section\">\n\t\t\t\t\t\t<div class=\"elementor-container elementor-column-gap-default\">\n\t\t\t\t\t<div class=\"elementor-column elementor-col-100 elementor-top-column elementor-element elementor-element-7aeec45\" data-id=\"7aeec45\" data-element_type=\"column\" data-e-type=\"column\">\n\t\t\t<div class=\"elementor-widget-wrap elementor-element-populated\">\n\t\t\t\t\t\t<div class=\"elementor-element elementor-element-e152a72 elementor-widget elementor-widget-spacer\" data-id=\"e152a72\" data-element_type=\"widget\" data-e-type=\"widget\" data-widget_type=\"spacer.default\">\n\t\t\t\t<div class=\"elementor-widget-container\">\n\t\t\t\t\t\t\t<div class=\"elementor-spacer\">\n\t\t\t<div class=\"elementor-spacer-inner\"><\/div>\n\t\t<\/div>\n\t\t\t\t\t\t<\/div>\n\t\t\t\t<\/div>\n\t\t\t\t\t<\/div>\n\t\t<\/div>\n\t\t\t\t\t<\/div>\n\t\t<\/section>\n\t\t\t\t<section class=\"elementor-section elementor-top-section elementor-element elementor-element-0c74dbc elementor-section-boxed elementor-section-height-default elementor-section-height-default\" data-id=\"0c74dbc\" data-element_type=\"section\" data-e-type=\"section\">\n\t\t\t\t\t\t<div class=\"elementor-container elementor-column-gap-default\">\n\t\t\t\t\t<div class=\"elementor-column elementor-col-33 elementor-top-column elementor-element elementor-element-4b326e7\" data-id=\"4b326e7\" data-element_type=\"column\" data-e-type=\"column\">\n\t\t\t<div class=\"elementor-widget-wrap elementor-element-populated\">\n\t\t\t\t\t\t<div class=\"elementor-element elementor-element-7f166e3 elementor-widget elementor-widget-heading\" data-id=\"7f166e3\" data-element_type=\"widget\" data-e-type=\"widget\" data-widget_type=\"heading.default\">\n\t\t\t\t<div class=\"elementor-widget-container\">\n\t\t\t\t\t<h2 class=\"elementor-heading-title elementor-size-default\">Vocal Recording<\/h2>\t\t\t\t<\/div>\n\t\t\t\t<\/div>\n\t\t\t\t<div class=\"elementor-element elementor-element-bb7f4cf elementor-widget elementor-widget-image\" data-id=\"bb7f4cf\" data-element_type=\"widget\" data-e-type=\"widget\" data-widget_type=\"image.default\">\n\t\t\t\t<div class=\"elementor-widget-container\">\n\t\t\t\t\t\t\t\t\t\t\t\t\t\t\t<img decoding=\"async\" width=\"150\" height=\"150\" src=\"https:\/\/deinvocalcoaching.de\/wp-content\/uploads\/2018\/09\/rec-button-150x150.png\" class=\"attachment-thumbnail size-thumbnail wp-image-248\" alt=\"\" srcset=\"https:\/\/deinvocalcoaching.de\/wp-content\/uploads\/2018\/09\/rec-button-150x150.png 150w, https:\/\/deinvocalcoaching.de\/wp-content\/uploads\/2018\/09\/rec-button-300x300.png 300w, https:\/\/deinvocalcoaching.de\/wp-content\/uploads\/2018\/09\/rec-button-100x100.png 100w, https:\/\/deinvocalcoaching.de\/wp-content\/uploads\/2018\/09\/rec-button.png 512w\" sizes=\"100vw\" \/>\t\t\t\t\t\t\t\t\t\t\t\t\t\t\t<\/div>\n\t\t\t\t<\/div>\n\t\t\t\t<div class=\"elementor-element elementor-element-663ff8d elementor-widget elementor-widget-text-editor\" data-id=\"663ff8d\" data-element_type=\"widget\" data-e-type=\"widget\" data-widget_type=\"text-editor.default\">\n\t\t\t\t<div class=\"elementor-widget-container\">\n\t\t\t\t\t\t\t\t\t<p>Wir nehmen deine Vocals zu einem Song auf, den wir voher im Unterricht einstudiert haben. Worauf muss man beim Vocal Recording im Studio achten? Bei mir lernst du alles!<\/p>\t\t\t\t\t\t\t\t<\/div>\n\t\t\t\t<\/div>\n\t\t\t\t\t<\/div>\n\t\t<\/div>\n\t\t\t\t<div class=\"elementor-column elementor-col-33 elementor-top-column elementor-element elementor-element-d3146db\" data-id=\"d3146db\" data-element_type=\"column\" data-e-type=\"column\">\n\t\t\t<div class=\"elementor-widget-wrap elementor-element-populated\">\n\t\t\t\t\t\t<div class=\"elementor-element elementor-element-81c5357 elementor-widget elementor-widget-heading\" data-id=\"81c5357\" data-element_type=\"widget\" data-e-type=\"widget\" data-widget_type=\"heading.default\">\n\t\t\t\t<div class=\"elementor-widget-container\">\n\t\t\t\t\t<h2 class=\"elementor-heading-title elementor-size-default\">Nachbearbeitung<\/h2>\t\t\t\t<\/div>\n\t\t\t\t<\/div>\n\t\t\t\t<div class=\"elementor-element elementor-element-62ccbcf elementor-widget elementor-widget-image\" data-id=\"62ccbcf\" data-element_type=\"widget\" data-e-type=\"widget\" data-widget_type=\"image.default\">\n\t\t\t\t<div class=\"elementor-widget-container\">\n\t\t\t\t\t\t\t\t\t\t\t\t\t\t\t<img decoding=\"async\" width=\"150\" height=\"150\" src=\"https:\/\/deinvocalcoaching.de\/wp-content\/uploads\/2018\/09\/sound-bars-150x150.png\" class=\"attachment-thumbnail size-thumbnail wp-image-245\" alt=\"\" srcset=\"https:\/\/deinvocalcoaching.de\/wp-content\/uploads\/2018\/09\/sound-bars-150x150.png 150w, https:\/\/deinvocalcoaching.de\/wp-content\/uploads\/2018\/09\/sound-bars-300x300.png 300w, https:\/\/deinvocalcoaching.de\/wp-content\/uploads\/2018\/09\/sound-bars-100x100.png 100w, https:\/\/deinvocalcoaching.de\/wp-content\/uploads\/2018\/09\/sound-bars.png 512w\" sizes=\"100vw\" \/>\t\t\t\t\t\t\t\t\t\t\t\t\t\t\t<\/div>\n\t\t\t\t<\/div>\n\t\t\t\t<div class=\"elementor-element elementor-element-937c590 elementor-widget elementor-widget-text-editor\" data-id=\"937c590\" data-element_type=\"widget\" data-e-type=\"widget\" data-widget_type=\"text-editor.default\">\n\t\t\t\t<div class=\"elementor-widget-container\">\n\t\t\t\t\t\t\t\t\t<p>Die Nachbearbeitung Deiner Stimme wird auf den Song angepasst und &#8222;eingebettet&#8220;. Es geht nicht darum Deine Stimme zu verf\u00e4lschen &#8211; wir wollen ehrliche Ergebnisse und ein stimmiges Gesamtkonzept.<\/p>\t\t\t\t\t\t\t\t<\/div>\n\t\t\t\t<\/div>\n\t\t\t\t\t<\/div>\n\t\t<\/div>\n\t\t\t\t<div class=\"elementor-column elementor-col-33 elementor-top-column elementor-element elementor-element-469dd43\" data-id=\"469dd43\" data-element_type=\"column\" data-e-type=\"column\">\n\t\t\t<div class=\"elementor-widget-wrap elementor-element-populated\">\n\t\t\t\t\t\t<div class=\"elementor-element elementor-element-1cc2578 elementor-widget elementor-widget-heading\" data-id=\"1cc2578\" data-element_type=\"widget\" data-e-type=\"widget\" data-widget_type=\"heading.default\">\n\t\t\t\t<div class=\"elementor-widget-container\">\n\t\t\t\t\t<h2 class=\"elementor-heading-title elementor-size-default\">Mixdown<\/h2>\t\t\t\t<\/div>\n\t\t\t\t<\/div>\n\t\t\t\t<div class=\"elementor-element elementor-element-01fe2c2 elementor-widget elementor-widget-image\" data-id=\"01fe2c2\" data-element_type=\"widget\" data-e-type=\"widget\" data-widget_type=\"image.default\">\n\t\t\t\t<div class=\"elementor-widget-container\">\n\t\t\t\t\t\t\t\t\t\t\t\t\t\t\t<img loading=\"lazy\" decoding=\"async\" width=\"150\" height=\"150\" src=\"https:\/\/deinvocalcoaching.de\/wp-content\/uploads\/2018\/09\/levels-150x150.png\" class=\"attachment-thumbnail size-thumbnail wp-image-246\" alt=\"\" srcset=\"https:\/\/deinvocalcoaching.de\/wp-content\/uploads\/2018\/09\/levels-150x150.png 150w, https:\/\/deinvocalcoaching.de\/wp-content\/uploads\/2018\/09\/levels-300x300.png 300w, https:\/\/deinvocalcoaching.de\/wp-content\/uploads\/2018\/09\/levels-100x100.png 100w, https:\/\/deinvocalcoaching.de\/wp-content\/uploads\/2018\/09\/levels.png 512w\" sizes=\"100vw\" \/>\t\t\t\t\t\t\t\t\t\t\t\t\t\t\t<\/div>\n\t\t\t\t<\/div>\n\t\t\t\t<div class=\"elementor-element elementor-element-9a04a46 elementor-widget elementor-widget-text-editor\" data-id=\"9a04a46\" data-element_type=\"widget\" data-e-type=\"widget\" data-widget_type=\"text-editor.default\">\n\t\t\t\t<div class=\"elementor-widget-container\">\n\t\t\t\t\t\t\t\t\t<p>Deinen fertigen Mixdown bekommst Du als CD oder Download.<\/p>\t\t\t\t\t\t\t\t<\/div>\n\t\t\t\t<\/div>\n\t\t\t\t\t<\/div>\n\t\t<\/div>\n\t\t\t\t\t<\/div>\n\t\t<\/section>\n\t\t\t\t<section class=\"elementor-section elementor-top-section elementor-element elementor-element-c2871aa elementor-section-boxed elementor-section-height-default elementor-section-height-default\" data-id=\"c2871aa\" data-element_type=\"section\" data-e-type=\"section\">\n\t\t\t\t\t\t<div class=\"elementor-container elementor-column-gap-default\">\n\t\t\t\t\t<div class=\"elementor-column elementor-col-100 elementor-top-column elementor-element elementor-element-e84c948\" data-id=\"e84c948\" data-element_type=\"column\" data-e-type=\"column\">\n\t\t\t<div class=\"elementor-widget-wrap elementor-element-populated\">\n\t\t\t\t\t\t<div class=\"elementor-element elementor-element-f3b9c6f elementor-widget elementor-widget-spacer\" data-id=\"f3b9c6f\" data-element_type=\"widget\" data-e-type=\"widget\" data-widget_type=\"spacer.default\">\n\t\t\t\t<div class=\"elementor-widget-container\">\n\t\t\t\t\t\t\t<div class=\"elementor-spacer\">\n\t\t\t<div class=\"elementor-spacer-inner\"><\/div>\n\t\t<\/div>\n\t\t\t\t\t\t<\/div>\n\t\t\t\t<\/div>\n\t\t\t\t\t<\/div>\n\t\t<\/div>\n\t\t\t\t\t<\/div>\n\t\t<\/section>\n\t\t\t\t<section class=\"elementor-section elementor-top-section elementor-element elementor-element-2877c8d elementor-section-boxed elementor-section-height-default elementor-section-height-default\" data-id=\"2877c8d\" data-element_type=\"section\" data-e-type=\"section\">\n\t\t\t\t\t\t<div class=\"elementor-container elementor-column-gap-default\">\n\t\t\t\t\t<div class=\"elementor-column elementor-col-100 elementor-top-column elementor-element elementor-element-06675c8\" data-id=\"06675c8\" data-element_type=\"column\" data-e-type=\"column\">\n\t\t\t<div class=\"elementor-widget-wrap elementor-element-populated\">\n\t\t\t\t\t\t<div class=\"elementor-element elementor-element-58ef8c9 elementor-widget elementor-widget-heading\" data-id=\"58ef8c9\" data-element_type=\"widget\" data-e-type=\"widget\" data-widget_type=\"heading.default\">\n\t\t\t\t<div class=\"elementor-widget-container\">\n\t\t\t\t\t<h2 class=\"elementor-heading-title elementor-size-default\">Du nimmst keinen Unterricht bei mir, m\u00f6chtest aber trotzdem professionelle Vocal Recordings?<\/h2>\t\t\t\t<\/div>\n\t\t\t\t<\/div>\n\t\t\t\t\t<\/div>\n\t\t<\/div>\n\t\t\t\t\t<\/div>\n\t\t<\/section>\n\t\t\t\t<section class=\"elementor-section elementor-top-section elementor-element elementor-element-2a9178d elementor-section-boxed elementor-section-height-default elementor-section-height-default\" data-id=\"2a9178d\" data-element_type=\"section\" data-e-type=\"section\">\n\t\t\t\t\t\t<div class=\"elementor-container elementor-column-gap-default\">\n\t\t\t\t\t<div class=\"elementor-column elementor-col-50 elementor-top-column elementor-element elementor-element-a501afd\" data-id=\"a501afd\" data-element_type=\"column\" data-e-type=\"column\">\n\t\t\t<div class=\"elementor-widget-wrap elementor-element-populated\">\n\t\t\t\t\t\t<div class=\"elementor-element elementor-element-fbda1a6 elementor-align-center elementor-widget elementor-widget-button\" data-id=\"fbda1a6\" data-element_type=\"widget\" data-e-type=\"widget\" data-widget_type=\"button.default\">\n\t\t\t\t<div class=\"elementor-widget-container\">\n\t\t\t\t\t\t\t\t\t<div class=\"elementor-button-wrapper\">\n\t\t\t\t\t<a class=\"elementor-button elementor-button-link elementor-size-sm\" href=\"http:\/\/deinvocalcoaching.de\/?page_id=228\">\n\t\t\t\t\t\t<span class=\"elementor-button-content-wrapper\">\n\t\t\t\t\t\t\t\t\t<span class=\"elementor-button-text\">Kontaktiere mich f\u00fcr mehr Infos<\/span>\n\t\t\t\t\t<\/span>\n\t\t\t\t\t<\/a>\n\t\t\t\t<\/div>\n\t\t\t\t\t\t\t\t<\/div>\n\t\t\t\t<\/div>\n\t\t\t\t\t<\/div>\n\t\t<\/div>\n\t\t\t\t<div class=\"elementor-column elementor-col-50 elementor-top-column elementor-element elementor-element-b600bd6\" data-id=\"b600bd6\" data-element_type=\"column\" data-e-type=\"column\">\n\t\t\t<div class=\"elementor-widget-wrap elementor-element-populated\">\n\t\t\t\t\t\t<div class=\"elementor-element elementor-element-e4fc6a4 elementor-widget elementor-widget-image\" data-id=\"e4fc6a4\" data-element_type=\"widget\" data-e-type=\"widget\" data-widget_type=\"image.default\">\n\t\t\t\t<div class=\"elementor-widget-container\">\n\t\t\t\t\t\t\t\t\t\t\t\t\t\t\t<img loading=\"lazy\" decoding=\"async\" width=\"639\" height=\"426\" src=\"https:\/\/deinvocalcoaching.de\/wp-content\/uploads\/2018\/09\/stars-eyes-1182996-639x426.jpg\" class=\"attachment-large size-large wp-image-252\" alt=\"\" srcset=\"https:\/\/deinvocalcoaching.de\/wp-content\/uploads\/2018\/09\/stars-eyes-1182996-639x426.jpg 639w, https:\/\/deinvocalcoaching.de\/wp-content\/uploads\/2018\/09\/stars-eyes-1182996-639x426-300x200.jpg 300w\" sizes=\"100vw\" \/>\t\t\t\t\t\t\t\t\t\t\t\t\t\t\t<\/div>\n\t\t\t\t<\/div>\n\t\t\t\t\t<\/div>\n\t\t<\/div>\n\t\t\t\t\t<\/div>\n\t\t<\/section>\n\t\t\t\t<section class=\"elementor-section elementor-top-section elementor-element elementor-element-a8e5a99 elementor-section-boxed elementor-section-height-default elementor-section-height-default\" data-id=\"a8e5a99\" data-element_type=\"section\" data-e-type=\"section\">\n\t\t\t\t\t\t<div class=\"elementor-container elementor-column-gap-default\">\n\t\t\t\t\t<div class=\"elementor-column elementor-col-100 elementor-top-column elementor-element elementor-element-1c2e020\" data-id=\"1c2e020\" data-element_type=\"column\" data-e-type=\"column\">\n\t\t\t<div class=\"elementor-widget-wrap elementor-element-populated\">\n\t\t\t\t\t\t<div class=\"elementor-element elementor-element-92f2e4a elementor-widget elementor-widget-spacer\" data-id=\"92f2e4a\" data-element_type=\"widget\" data-e-type=\"widget\" data-widget_type=\"spacer.default\">\n\t\t\t\t<div class=\"elementor-widget-container\">\n\t\t\t\t\t\t\t<div class=\"elementor-spacer\">\n\t\t\t<div class=\"elementor-spacer-inner\"><\/div>\n\t\t<\/div>\n\t\t\t\t\t\t<\/div>\n\t\t\t\t<\/div>\n\t\t\t\t\t<\/div>\n\t\t<\/div>\n\t\t\t\t\t<\/div>\n\t\t<\/section>\n\t\t\t\t<\/div>\n\t\t","protected":false},"excerpt":{"rendered":"<p>Wenn Du meinen regelm\u00e4\u00dfigen Unterricht besuchst, werden wir von Zeit zu Zeit ins Tonstudio gehen, um St\u00fccke Deiner Wahl aufzunehmen. Besser lassen sich Deine Fortschritte nicht dokumentieren und das Beste: Deine Aufnahmen sind im Preis inbegriffen! Als ausgebildete Tontechnikerin mit eigenem Studio arbeite ich seit Jahren an verschiedensten Projekten und wei\u00df, worauf es ankommt. Vocal &hellip; <\/p>\n<p class=\"link-more\"><a href=\"https:\/\/deinvocalcoaching.de\/?page_id=242\" class=\"more-link\"><span class=\"screen-reader-text\">\u201eProfessionelle Studioaufnahmen\u201c <\/span>weiterlesen<\/a><\/p>\n","protected":false},"author":1,"featured_media":0,"parent":0,"menu_order":0,"comment_status":"closed","ping_status":"closed","template":"","meta":{"footnotes":""},"class_list":["post-242","page","type-page","status-publish","hentry"],"_links":{"self":[{"href":"https:\/\/deinvocalcoaching.de\/index.php?rest_route=\/wp\/v2\/pages\/242","targetHints":{"allow":["GET"]}}],"collection":[{"href":"https:\/\/deinvocalcoaching.de\/index.php?rest_route=\/wp\/v2\/pages"}],"about":[{"href":"https:\/\/deinvocalcoaching.de\/index.php?rest_route=\/wp\/v2\/types\/page"}],"author":[{"embeddable":true,"href":"https:\/\/deinvocalcoaching.de\/index.php?rest_route=\/wp\/v2\/users\/1"}],"replies":[{"embeddable":true,"href":"https:\/\/deinvocalcoaching.de\/index.php?rest_route=%2Fwp%2Fv2%2Fcomments&post=242"}],"version-history":[{"count":15,"href":"https:\/\/deinvocalcoaching.de\/index.php?rest_route=\/wp\/v2\/pages\/242\/revisions"}],"predecessor-version":[{"id":527,"href":"https:\/\/deinvocalcoaching.de\/index.php?rest_route=\/wp\/v2\/pages\/242\/revisions\/527"}],"wp:attachment":[{"href":"https:\/\/deinvocalcoaching.de\/index.php?rest_route=%2Fwp%2Fv2%2Fmedia&parent=242"}],"curies":[{"name":"wp","href":"https:\/\/api.w.org\/{rel}","templated":true}]}}