{"id":257,"date":"2018-09-22T11:45:35","date_gmt":"2018-09-22T11:45:35","guid":{"rendered":"http:\/\/deinvocalcoaching.de\/?page_id=257"},"modified":"2021-05-14T11:56:22","modified_gmt":"2021-05-14T11:56:22","slug":"coaching","status":"publish","type":"page","link":"https:\/\/deinvocalcoaching.de\/?page_id=257","title":{"rendered":"Coaching"},"content":{"rendered":"\t\t<div data-elementor-type=\"wp-post\" data-elementor-id=\"257\" class=\"elementor elementor-257\">\n\t\t\t\t\t\t<section class=\"elementor-section elementor-top-section elementor-element elementor-element-780e749 elementor-section-boxed elementor-section-height-default elementor-section-height-default\" data-id=\"780e749\" data-element_type=\"section\" data-e-type=\"section\">\n\t\t\t\t\t\t<div class=\"elementor-container elementor-column-gap-default\">\n\t\t\t\t\t<div class=\"elementor-column elementor-col-100 elementor-top-column elementor-element elementor-element-b7c3ab9\" data-id=\"b7c3ab9\" data-element_type=\"column\" data-e-type=\"column\">\n\t\t\t<div class=\"elementor-widget-wrap elementor-element-populated\">\n\t\t\t\t\t\t<div class=\"elementor-element elementor-element-6a39374 elementor-widget elementor-widget-heading\" data-id=\"6a39374\" data-element_type=\"widget\" data-e-type=\"widget\" data-widget_type=\"heading.default\">\n\t\t\t\t<div class=\"elementor-widget-container\">\n\t\t\t\t\t<h2 class=\"elementor-heading-title elementor-size-default\"><h2 class=\"elementor-heading-title elementor-size-default elementor-inline-editing pen\" data-elementor-setting-key=\"title\" data-pen-placeholder=\"Eingabe hier...\">Singen kann man lernen<\/h2><\/h2>\t\t\t\t<\/div>\n\t\t\t\t<\/div>\n\t\t\t\t<div class=\"elementor-element elementor-element-410a147 elementor-widget elementor-widget-text-editor\" data-id=\"410a147\" data-element_type=\"widget\" data-e-type=\"widget\" data-widget_type=\"text-editor.default\">\n\t\t\t\t<div class=\"elementor-widget-container\">\n\t\t\t\t\t\t\t\t\t<p>Egal ob Du Anf\u00e4nger bist oder bereits Erfahrung hast &#8211; wenn es Dir darum geht Deine Stimme zu formen und die richtigen Techniken zu lernen, um stetig besser zu werden und im Genre Deiner Wahl als S\u00e4ngerin oder S\u00e4nger Erfolg zu haben, dann bist Du bei mir genau richtig.<\/p><p><strong>Jeder Unterricht ist individuell, denn jede Stimme ist anders.<\/strong><\/p><p>Mache noch heute einen Termin f\u00fcr Deine erste, <a href=\"http:\/\/deinvocalcoaching.de\/?page_id=228\"><strong>kostenlose<\/strong><\/a> Probestunde.<\/p>\t\t\t\t\t\t\t\t<\/div>\n\t\t\t\t<\/div>\n\t\t\t\t\t<\/div>\n\t\t<\/div>\n\t\t\t\t\t<\/div>\n\t\t<\/section>\n\t\t\t\t<section class=\"elementor-section elementor-top-section elementor-element elementor-element-c8c371b elementor-section-boxed elementor-section-height-default elementor-section-height-default\" data-id=\"c8c371b\" data-element_type=\"section\" data-e-type=\"section\">\n\t\t\t\t\t\t<div class=\"elementor-container elementor-column-gap-default\">\n\t\t\t\t\t<div class=\"elementor-column elementor-col-100 elementor-top-column elementor-element elementor-element-5fe5d4b\" data-id=\"5fe5d4b\" data-element_type=\"column\" data-e-type=\"column\">\n\t\t\t<div class=\"elementor-widget-wrap elementor-element-populated\">\n\t\t\t\t\t\t<div class=\"elementor-element elementor-element-0a648eb elementor-widget elementor-widget-spacer\" data-id=\"0a648eb\" data-element_type=\"widget\" data-e-type=\"widget\" data-widget_type=\"spacer.default\">\n\t\t\t\t<div class=\"elementor-widget-container\">\n\t\t\t\t\t\t\t<div class=\"elementor-spacer\">\n\t\t\t<div class=\"elementor-spacer-inner\"><\/div>\n\t\t<\/div>\n\t\t\t\t\t\t<\/div>\n\t\t\t\t<\/div>\n\t\t\t\t\t<\/div>\n\t\t<\/div>\n\t\t\t\t\t<\/div>\n\t\t<\/section>\n\t\t\t\t<section class=\"elementor-section elementor-top-section elementor-element elementor-element-156bfd2 elementor-section-content-middle elementor-section-height-min-height elementor-section-boxed elementor-section-height-default elementor-section-items-middle\" data-id=\"156bfd2\" data-element_type=\"section\" data-e-type=\"section\">\n\t\t\t\t\t\t<div class=\"elementor-container elementor-column-gap-default\">\n\t\t\t\t\t<div class=\"elementor-column elementor-col-33 elementor-top-column elementor-element elementor-element-58c07dd\" data-id=\"58c07dd\" data-element_type=\"column\" data-e-type=\"column\">\n\t\t\t<div class=\"elementor-widget-wrap elementor-element-populated\">\n\t\t\t\t\t\t<div class=\"elementor-element elementor-element-38b4a69 elementor-widget elementor-widget-heading\" data-id=\"38b4a69\" data-element_type=\"widget\" data-e-type=\"widget\" data-widget_type=\"heading.default\">\n\t\t\t\t<div class=\"elementor-widget-container\">\n\t\t\t\t\t<h2 class=\"elementor-heading-title elementor-size-default\">Intonation &amp; Register<\/h2>\t\t\t\t<\/div>\n\t\t\t\t<\/div>\n\t\t\t\t<div class=\"elementor-element elementor-element-fd9ad1c elementor-widget elementor-widget-image\" data-id=\"fd9ad1c\" data-element_type=\"widget\" data-e-type=\"widget\" data-widget_type=\"image.default\">\n\t\t\t\t<div class=\"elementor-widget-container\">\n\t\t\t\t\t\t\t\t\t\t\t\t\t\t\t<img decoding=\"async\" width=\"150\" height=\"150\" src=\"https:\/\/deinvocalcoaching.de\/wp-content\/uploads\/2018\/09\/037-music-notes-150x150.png\" class=\"attachment-thumbnail size-thumbnail wp-image-263\" alt=\"\" srcset=\"https:\/\/deinvocalcoaching.de\/wp-content\/uploads\/2018\/09\/037-music-notes-150x150.png 150w, https:\/\/deinvocalcoaching.de\/wp-content\/uploads\/2018\/09\/037-music-notes-300x300.png 300w, https:\/\/deinvocalcoaching.de\/wp-content\/uploads\/2018\/09\/037-music-notes-100x100.png 100w, https:\/\/deinvocalcoaching.de\/wp-content\/uploads\/2018\/09\/037-music-notes.png 512w\" sizes=\"100vw\" \/>\t\t\t\t\t\t\t\t\t\t\t\t\t\t\t<\/div>\n\t\t\t\t<\/div>\n\t\t\t\t<div class=\"elementor-element elementor-element-156df90 elementor-widget elementor-widget-text-editor\" data-id=\"156df90\" data-element_type=\"widget\" data-e-type=\"widget\" data-widget_type=\"text-editor.default\">\n\t\t\t\t<div class=\"elementor-widget-container\">\n\t\t\t\t\t\t\t\t\t<p>Stimmbildung heisst auch Geh\u00f6rbildung. Triff die T\u00f6ne besser, h\u00f6re Dich selbst und bekomme ein Gef\u00fchl daf\u00fcr. Lerne Deine Brust- und Kopfstimme zu beherrschen.<\/p>\t\t\t\t\t\t\t\t<\/div>\n\t\t\t\t<\/div>\n\t\t\t\t\t<\/div>\n\t\t<\/div>\n\t\t\t\t<div class=\"elementor-column elementor-col-33 elementor-top-column elementor-element elementor-element-75db56f\" data-id=\"75db56f\" data-element_type=\"column\" data-e-type=\"column\">\n\t\t\t<div class=\"elementor-widget-wrap elementor-element-populated\">\n\t\t\t\t\t\t<div class=\"elementor-element elementor-element-6e2a006 elementor-widget elementor-widget-heading\" data-id=\"6e2a006\" data-element_type=\"widget\" data-e-type=\"widget\" data-widget_type=\"heading.default\">\n\t\t\t\t<div class=\"elementor-widget-container\">\n\t\t\t\t\t<h2 class=\"elementor-heading-title elementor-size-default\">Atemtechnik<\/h2>\t\t\t\t<\/div>\n\t\t\t\t<\/div>\n\t\t\t\t<div class=\"elementor-element elementor-element-8ea93f9 elementor-widget elementor-widget-image\" data-id=\"8ea93f9\" data-element_type=\"widget\" data-e-type=\"widget\" data-widget_type=\"image.default\">\n\t\t\t\t<div class=\"elementor-widget-container\">\n\t\t\t\t\t\t\t\t\t\t\t\t\t\t\t<img decoding=\"async\" width=\"150\" height=\"150\" src=\"https:\/\/deinvocalcoaching.de\/wp-content\/uploads\/2018\/09\/004-microphone-150x150.png\" class=\"attachment-thumbnail size-thumbnail wp-image-259\" alt=\"\" srcset=\"https:\/\/deinvocalcoaching.de\/wp-content\/uploads\/2018\/09\/004-microphone-150x150.png 150w, https:\/\/deinvocalcoaching.de\/wp-content\/uploads\/2018\/09\/004-microphone-300x300.png 300w, https:\/\/deinvocalcoaching.de\/wp-content\/uploads\/2018\/09\/004-microphone-100x100.png 100w, https:\/\/deinvocalcoaching.de\/wp-content\/uploads\/2018\/09\/004-microphone.png 512w\" sizes=\"100vw\" \/>\t\t\t\t\t\t\t\t\t\t\t\t\t\t\t<\/div>\n\t\t\t\t<\/div>\n\t\t\t\t<div class=\"elementor-element elementor-element-e4bb3fc elementor-widget elementor-widget-text-editor\" data-id=\"e4bb3fc\" data-element_type=\"widget\" data-e-type=\"widget\" data-widget_type=\"text-editor.default\">\n\t\t\t\t<div class=\"elementor-widget-container\">\n\t\t\t\t\t\t\t\t\t<p>Um Kraft in Deine Stimme zu bekommen, brauchst Du die richtige Atemtechnik. Richtig atmen lernen ist ein Prozess und Bedarf der \u00dcbung und der richtigen Vorgehensweise.<\/p>\t\t\t\t\t\t\t\t<\/div>\n\t\t\t\t<\/div>\n\t\t\t\t\t<\/div>\n\t\t<\/div>\n\t\t\t\t<div class=\"elementor-column elementor-col-33 elementor-top-column elementor-element elementor-element-0a1e5c5\" data-id=\"0a1e5c5\" data-element_type=\"column\" data-e-type=\"column\">\n\t\t\t<div class=\"elementor-widget-wrap elementor-element-populated\">\n\t\t\t\t\t\t<div class=\"elementor-element elementor-element-c914e5b elementor-widget elementor-widget-heading\" data-id=\"c914e5b\" data-element_type=\"widget\" data-e-type=\"widget\" data-widget_type=\"heading.default\">\n\t\t\t\t<div class=\"elementor-widget-container\">\n\t\t\t\t\t<h2 class=\"elementor-heading-title elementor-size-default\">Ausdruck<\/h2>\t\t\t\t<\/div>\n\t\t\t\t<\/div>\n\t\t\t\t<div class=\"elementor-element elementor-element-f481ae9 elementor-widget elementor-widget-image\" data-id=\"f481ae9\" data-element_type=\"widget\" data-e-type=\"widget\" data-widget_type=\"image.default\">\n\t\t\t\t<div class=\"elementor-widget-container\">\n\t\t\t\t\t\t\t\t\t\t\t\t\t\t\t<img decoding=\"async\" width=\"150\" height=\"150\" src=\"https:\/\/deinvocalcoaching.de\/wp-content\/uploads\/2018\/09\/003-spotlight-150x150.png\" class=\"attachment-thumbnail size-thumbnail wp-image-258\" alt=\"\" srcset=\"https:\/\/deinvocalcoaching.de\/wp-content\/uploads\/2018\/09\/003-spotlight-150x150.png 150w, https:\/\/deinvocalcoaching.de\/wp-content\/uploads\/2018\/09\/003-spotlight-300x300.png 300w, https:\/\/deinvocalcoaching.de\/wp-content\/uploads\/2018\/09\/003-spotlight-100x100.png 100w, https:\/\/deinvocalcoaching.de\/wp-content\/uploads\/2018\/09\/003-spotlight.png 512w\" sizes=\"100vw\" \/>\t\t\t\t\t\t\t\t\t\t\t\t\t\t\t<\/div>\n\t\t\t\t<\/div>\n\t\t\t\t<div class=\"elementor-element elementor-element-53b8121 elementor-widget elementor-widget-text-editor\" data-id=\"53b8121\" data-element_type=\"widget\" data-e-type=\"widget\" data-widget_type=\"text-editor.default\">\n\t\t\t\t<div class=\"elementor-widget-container\">\n\t\t\t\t\t\t\t\t\t<p>Lerne Dein Gef\u00fchl zu kontrollieren und deiner Stimme den richtigen Ausdruck zu verleihen.<\/p>\t\t\t\t\t\t\t\t<\/div>\n\t\t\t\t<\/div>\n\t\t\t\t\t<\/div>\n\t\t<\/div>\n\t\t\t\t\t<\/div>\n\t\t<\/section>\n\t\t\t\t<section class=\"elementor-section elementor-top-section elementor-element elementor-element-c8f4c35 elementor-section-boxed elementor-section-height-default elementor-section-height-default\" data-id=\"c8f4c35\" data-element_type=\"section\" data-e-type=\"section\">\n\t\t\t\t\t\t<div class=\"elementor-container elementor-column-gap-default\">\n\t\t\t\t\t<div class=\"elementor-column elementor-col-33 elementor-top-column elementor-element elementor-element-6b7f109\" data-id=\"6b7f109\" data-element_type=\"column\" data-e-type=\"column\">\n\t\t\t<div class=\"elementor-widget-wrap elementor-element-populated\">\n\t\t\t\t\t\t<div class=\"elementor-element elementor-element-ace4f39 elementor-widget elementor-widget-heading\" data-id=\"ace4f39\" data-element_type=\"widget\" data-e-type=\"widget\" data-widget_type=\"heading.default\">\n\t\t\t\t<div class=\"elementor-widget-container\">\n\t\t\t\t\t<h2 class=\"elementor-heading-title elementor-size-default\">Sprache<\/h2>\t\t\t\t<\/div>\n\t\t\t\t<\/div>\n\t\t\t\t<div class=\"elementor-element elementor-element-307390b elementor-widget elementor-widget-image\" data-id=\"307390b\" data-element_type=\"widget\" data-e-type=\"widget\" data-widget_type=\"image.default\">\n\t\t\t\t<div class=\"elementor-widget-container\">\n\t\t\t\t\t\t\t\t\t\t\t\t\t\t\t<img loading=\"lazy\" decoding=\"async\" width=\"150\" height=\"150\" src=\"https:\/\/deinvocalcoaching.de\/wp-content\/uploads\/2018\/09\/005-music-stand-150x150.png\" class=\"attachment-thumbnail size-thumbnail wp-image-260\" alt=\"\" srcset=\"https:\/\/deinvocalcoaching.de\/wp-content\/uploads\/2018\/09\/005-music-stand-150x150.png 150w, https:\/\/deinvocalcoaching.de\/wp-content\/uploads\/2018\/09\/005-music-stand-300x300.png 300w, https:\/\/deinvocalcoaching.de\/wp-content\/uploads\/2018\/09\/005-music-stand-100x100.png 100w, https:\/\/deinvocalcoaching.de\/wp-content\/uploads\/2018\/09\/005-music-stand.png 512w\" sizes=\"100vw\" \/>\t\t\t\t\t\t\t\t\t\t\t\t\t\t\t<\/div>\n\t\t\t\t<\/div>\n\t\t\t\t<div class=\"elementor-element elementor-element-4be0320 elementor-widget elementor-widget-text-editor\" data-id=\"4be0320\" data-element_type=\"widget\" data-e-type=\"widget\" data-widget_type=\"text-editor.default\">\n\t\t\t\t<div class=\"elementor-widget-container\">\n\t\t\t\t\t\t\t\t\t<p>Gesang ist Sprache. Die richtige Aussprache und Betonung sind essentiell.<\/p>\t\t\t\t\t\t\t\t<\/div>\n\t\t\t\t<\/div>\n\t\t\t\t\t<\/div>\n\t\t<\/div>\n\t\t\t\t<div class=\"elementor-column elementor-col-33 elementor-top-column elementor-element elementor-element-4f87b5f\" data-id=\"4f87b5f\" data-element_type=\"column\" data-e-type=\"column\">\n\t\t\t<div class=\"elementor-widget-wrap elementor-element-populated\">\n\t\t\t\t\t\t<div class=\"elementor-element elementor-element-8f4bb07 elementor-widget elementor-widget-heading\" data-id=\"8f4bb07\" data-element_type=\"widget\" data-e-type=\"widget\" data-widget_type=\"heading.default\">\n\t\t\t\t<div class=\"elementor-widget-container\">\n\t\t\t\t\t<h2 class=\"elementor-heading-title elementor-size-default\">Rhythmus<\/h2>\t\t\t\t<\/div>\n\t\t\t\t<\/div>\n\t\t\t\t<div class=\"elementor-element elementor-element-bdb3314 elementor-widget elementor-widget-image\" data-id=\"bdb3314\" data-element_type=\"widget\" data-e-type=\"widget\" data-widget_type=\"image.default\">\n\t\t\t\t<div class=\"elementor-widget-container\">\n\t\t\t\t\t\t\t\t\t\t\t\t\t\t\t<img loading=\"lazy\" decoding=\"async\" width=\"150\" height=\"150\" src=\"https:\/\/deinvocalcoaching.de\/wp-content\/uploads\/2018\/09\/035-piano-150x150.png\" class=\"attachment-thumbnail size-thumbnail wp-image-262\" alt=\"\" srcset=\"https:\/\/deinvocalcoaching.de\/wp-content\/uploads\/2018\/09\/035-piano-150x150.png 150w, https:\/\/deinvocalcoaching.de\/wp-content\/uploads\/2018\/09\/035-piano-300x300.png 300w, https:\/\/deinvocalcoaching.de\/wp-content\/uploads\/2018\/09\/035-piano-100x100.png 100w, https:\/\/deinvocalcoaching.de\/wp-content\/uploads\/2018\/09\/035-piano.png 512w\" sizes=\"100vw\" \/>\t\t\t\t\t\t\t\t\t\t\t\t\t\t\t<\/div>\n\t\t\t\t<\/div>\n\t\t\t\t<div class=\"elementor-element elementor-element-0d98d9f elementor-widget elementor-widget-text-editor\" data-id=\"0d98d9f\" data-element_type=\"widget\" data-e-type=\"widget\" data-widget_type=\"text-editor.default\">\n\t\t\t\t<div class=\"elementor-widget-container\">\n\t\t\t\t\t\t\t\t\t<p>Wir arbeiten gemeinsam an Deinem Timing und Rhythmusgef\u00fchl.<\/p>\t\t\t\t\t\t\t\t<\/div>\n\t\t\t\t<\/div>\n\t\t\t\t\t<\/div>\n\t\t<\/div>\n\t\t\t\t<div class=\"elementor-column elementor-col-33 elementor-top-column elementor-element elementor-element-197103e\" data-id=\"197103e\" data-element_type=\"column\" data-e-type=\"column\">\n\t\t\t<div class=\"elementor-widget-wrap elementor-element-populated\">\n\t\t\t\t\t\t<div class=\"elementor-element elementor-element-1b21643 elementor-widget elementor-widget-heading\" data-id=\"1b21643\" data-element_type=\"widget\" data-e-type=\"widget\" data-widget_type=\"heading.default\">\n\t\t\t\t<div class=\"elementor-widget-container\">\n\t\t\t\t\t<h2 class=\"elementor-heading-title elementor-size-default\">Wahrnehmung<\/h2>\t\t\t\t<\/div>\n\t\t\t\t<\/div>\n\t\t\t\t<div class=\"elementor-element elementor-element-a704f35 elementor-widget elementor-widget-image\" data-id=\"a704f35\" data-element_type=\"widget\" data-e-type=\"widget\" data-widget_type=\"image.default\">\n\t\t\t\t<div class=\"elementor-widget-container\">\n\t\t\t\t\t\t\t\t\t\t\t\t\t\t\t<img loading=\"lazy\" decoding=\"async\" width=\"150\" height=\"150\" src=\"https:\/\/deinvocalcoaching.de\/wp-content\/uploads\/2018\/09\/016-microphone-1-150x150.png\" class=\"attachment-thumbnail size-thumbnail wp-image-261\" alt=\"\" srcset=\"https:\/\/deinvocalcoaching.de\/wp-content\/uploads\/2018\/09\/016-microphone-1-150x150.png 150w, https:\/\/deinvocalcoaching.de\/wp-content\/uploads\/2018\/09\/016-microphone-1-300x300.png 300w, https:\/\/deinvocalcoaching.de\/wp-content\/uploads\/2018\/09\/016-microphone-1-100x100.png 100w, https:\/\/deinvocalcoaching.de\/wp-content\/uploads\/2018\/09\/016-microphone-1.png 512w\" sizes=\"100vw\" \/>\t\t\t\t\t\t\t\t\t\t\t\t\t\t\t<\/div>\n\t\t\t\t<\/div>\n\t\t\t\t<div class=\"elementor-element elementor-element-ddc6c55 elementor-widget elementor-widget-text-editor\" data-id=\"ddc6c55\" data-element_type=\"widget\" data-e-type=\"widget\" data-widget_type=\"text-editor.default\">\n\t\t\t\t<div class=\"elementor-widget-container\">\n\t\t\t\t\t\t\t\t\t<p>Die Stimme ist ein besonderes Instrument, denn sie ist ein Teil Deines K\u00f6rpers. Lerne sie richtig kennen und h\u00f6re in Dich hinein.<\/p>\t\t\t\t\t\t\t\t<\/div>\n\t\t\t\t<\/div>\n\t\t\t\t\t<\/div>\n\t\t<\/div>\n\t\t\t\t\t<\/div>\n\t\t<\/section>\n\t\t\t\t<section class=\"elementor-section elementor-top-section elementor-element elementor-element-07c853f elementor-section-boxed elementor-section-height-default elementor-section-height-default\" data-id=\"07c853f\" data-element_type=\"section\" data-e-type=\"section\">\n\t\t\t\t\t\t<div class=\"elementor-container elementor-column-gap-default\">\n\t\t\t\t\t<div class=\"elementor-column elementor-col-100 elementor-top-column elementor-element elementor-element-7e269d9\" data-id=\"7e269d9\" data-element_type=\"column\" data-e-type=\"column\">\n\t\t\t<div class=\"elementor-widget-wrap elementor-element-populated\">\n\t\t\t\t\t\t<div class=\"elementor-element elementor-element-7518955 elementor-widget elementor-widget-spacer\" data-id=\"7518955\" data-element_type=\"widget\" data-e-type=\"widget\" data-widget_type=\"spacer.default\">\n\t\t\t\t<div class=\"elementor-widget-container\">\n\t\t\t\t\t\t\t<div class=\"elementor-spacer\">\n\t\t\t<div class=\"elementor-spacer-inner\"><\/div>\n\t\t<\/div>\n\t\t\t\t\t\t<\/div>\n\t\t\t\t<\/div>\n\t\t\t\t\t<\/div>\n\t\t<\/div>\n\t\t\t\t\t<\/div>\n\t\t<\/section>\n\t\t\t\t<section class=\"elementor-section elementor-top-section elementor-element elementor-element-f3d63c6 elementor-section-boxed elementor-section-height-default elementor-section-height-default\" data-id=\"f3d63c6\" data-element_type=\"section\" data-e-type=\"section\">\n\t\t\t\t\t\t<div class=\"elementor-container elementor-column-gap-default\">\n\t\t\t\t\t<div class=\"elementor-column elementor-col-100 elementor-top-column elementor-element elementor-element-862feb4\" data-id=\"862feb4\" data-element_type=\"column\" data-e-type=\"column\">\n\t\t\t<div class=\"elementor-widget-wrap elementor-element-populated\">\n\t\t\t\t\t\t<div class=\"elementor-element elementor-element-0f1ddae elementor-widget elementor-widget-text-editor\" data-id=\"0f1ddae\" data-element_type=\"widget\" data-e-type=\"widget\" data-widget_type=\"text-editor.default\">\n\t\t\t\t<div class=\"elementor-widget-container\">\n\t\t\t\t\t\t\t\t\t<p><strong>Vocal Recordings in einem professionellen Tonstudio<\/strong> werden Dir zus\u00e4tzlich dabei helfen besser zu werden. Denn nur wenn Du Dich regelm\u00e4\u00dfig selber h\u00f6rst, kannst Du ein Gef\u00fchl daf\u00fcr bekommen wie Du klingst.<\/p>\t\t\t\t\t\t\t\t<\/div>\n\t\t\t\t<\/div>\n\t\t\t\t\t<\/div>\n\t\t<\/div>\n\t\t\t\t\t<\/div>\n\t\t<\/section>\n\t\t\t\t<section class=\"elementor-section elementor-top-section elementor-element elementor-element-5e64b83 elementor-section-content-middle elementor-section-boxed elementor-section-height-default elementor-section-height-default\" data-id=\"5e64b83\" data-element_type=\"section\" data-e-type=\"section\">\n\t\t\t\t\t\t<div class=\"elementor-container elementor-column-gap-default\">\n\t\t\t\t\t<div class=\"elementor-column elementor-col-100 elementor-top-column elementor-element elementor-element-e55e65f\" data-id=\"e55e65f\" data-element_type=\"column\" data-e-type=\"column\">\n\t\t\t<div class=\"elementor-widget-wrap elementor-element-populated\">\n\t\t\t\t\t\t<div class=\"elementor-element elementor-element-77c7ce3 elementor-align-center elementor-widget elementor-widget-button\" data-id=\"77c7ce3\" data-element_type=\"widget\" data-e-type=\"widget\" data-widget_type=\"button.default\">\n\t\t\t\t<div class=\"elementor-widget-container\">\n\t\t\t\t\t\t\t\t\t<div class=\"elementor-button-wrapper\">\n\t\t\t\t\t<a class=\"elementor-button elementor-button-link elementor-size-sm\" href=\"http:\/\/deinvocalcoaching.de\/?page_id=242\">\n\t\t\t\t\t\t<span class=\"elementor-button-content-wrapper\">\n\t\t\t\t\t\t\t\t\t<span class=\"elementor-button-text\">Erfahre hier mehr<\/span>\n\t\t\t\t\t<\/span>\n\t\t\t\t\t<\/a>\n\t\t\t\t<\/div>\n\t\t\t\t\t\t\t\t<\/div>\n\t\t\t\t<\/div>\n\t\t\t\t\t<\/div>\n\t\t<\/div>\n\t\t\t\t\t<\/div>\n\t\t<\/section>\n\t\t\t\t<\/div>\n\t\t","protected":false},"excerpt":{"rendered":"<p>Singen kann man lernen Egal ob Du Anf\u00e4nger bist oder bereits Erfahrung hast &#8211; wenn es Dir darum geht Deine Stimme zu formen und die richtigen Techniken zu lernen, um stetig besser zu werden und im Genre Deiner Wahl als S\u00e4ngerin oder S\u00e4nger Erfolg zu haben, dann bist Du bei mir genau richtig. Jeder Unterricht &hellip; <\/p>\n<p class=\"link-more\"><a href=\"https:\/\/deinvocalcoaching.de\/?page_id=257\" class=\"more-link\"><span class=\"screen-reader-text\">\u201eCoaching\u201c <\/span>weiterlesen<\/a><\/p>\n","protected":false},"author":1,"featured_media":0,"parent":0,"menu_order":0,"comment_status":"closed","ping_status":"closed","template":"","meta":{"footnotes":""},"class_list":["post-257","page","type-page","status-publish","hentry"],"_links":{"self":[{"href":"https:\/\/deinvocalcoaching.de\/index.php?rest_route=\/wp\/v2\/pages\/257","targetHints":{"allow":["GET"]}}],"collection":[{"href":"https:\/\/deinvocalcoaching.de\/index.php?rest_route=\/wp\/v2\/pages"}],"about":[{"href":"https:\/\/deinvocalcoaching.de\/index.php?rest_route=\/wp\/v2\/types\/page"}],"author":[{"embeddable":true,"href":"https:\/\/deinvocalcoaching.de\/index.php?rest_route=\/wp\/v2\/users\/1"}],"replies":[{"embeddable":true,"href":"https:\/\/deinvocalcoaching.de\/index.php?rest_route=%2Fwp%2Fv2%2Fcomments&post=257"}],"version-history":[{"count":47,"href":"https:\/\/deinvocalcoaching.de\/index.php?rest_route=\/wp\/v2\/pages\/257\/revisions"}],"predecessor-version":[{"id":509,"href":"https:\/\/deinvocalcoaching.de\/index.php?rest_route=\/wp\/v2\/pages\/257\/revisions\/509"}],"wp:attachment":[{"href":"https:\/\/deinvocalcoaching.de\/index.php?rest_route=%2Fwp%2Fv2%2Fmedia&parent=257"}],"curies":[{"name":"wp","href":"https:\/\/api.w.org\/{rel}","templated":true}]}}